{"id":29,"date":"2017-03-11T04:12:01","date_gmt":"2017-03-11T04:12:01","guid":{"rendered":"https:\/\/www.sprachdynamik.at\/?page_id=29"},"modified":"2025-11-05T12:29:59","modified_gmt":"2025-11-05T12:29:59","slug":"haftungsausschluss","status":"publish","type":"page","link":"https:\/\/www.sprachdynamik.at\/en\/haftungsausschluss\/","title":{"rendered":"Disclaimer"},"content":{"rendered":"<div data-elementor-type=\"wp-page\" data-elementor-id=\"29\" class=\"elementor elementor-29\" data-elementor-post-type=\"page\">\n\t\t\t\t<div class=\"elementor-element elementor-element-c983896 e-flex e-con-boxed e-con e-parent\" data-id=\"c983896\" data-element_type=\"container\" data-settings=\"{&quot;background_background&quot;:&quot;classic&quot;,&quot;background_motion_fx_motion_fx_scrolling&quot;:&quot;yes&quot;,&quot;background_motion_fx_translateY_effect&quot;:&quot;yes&quot;,&quot;background_motion_fx_translateY_direction&quot;:&quot;negative&quot;,&quot;background_motion_fx_translateY_speed&quot;:{&quot;unit&quot;:&quot;px&quot;,&quot;size&quot;:7,&quot;sizes&quot;:[]},&quot;background_motion_fx_translateY_affectedRange&quot;:{&quot;unit&quot;:&quot;%&quot;,&quot;size&quot;:&quot;&quot;,&quot;sizes&quot;:{&quot;start&quot;:0,&quot;end&quot;:100}},&quot;background_motion_fx_devices&quot;:[&quot;desktop&quot;,&quot;tablet&quot;,&quot;mobile&quot;]}\">\n\t\t\t\t\t<div class=\"e-con-inner\">\n\t\t<div class=\"elementor-element elementor-element-1f67ccb e-con-full e-flex e-con e-child\" data-id=\"1f67ccb\" data-element_type=\"container\">\n\t\t\t\t<div class=\"elementor-element elementor-element-0a577a2 elementor-widget elementor-widget-heading\" data-id=\"0a577a2\" data-element_type=\"widget\" data-widget_type=\"heading.default\">\n\t\t\t\t\t<h1 class=\"elementor-heading-title elementor-size-default\">Disclaimer<\/h1>\t\t\t\t<\/div>\n\t\t\t\t<div class=\"elementor-element elementor-element-4c944b0 elementor-widget elementor-widget-text-editor\" data-id=\"4c944b0\" data-element_type=\"widget\" data-widget_type=\"text-editor.default\">\n\t\t\t\t\t\t\t\t\t<p>Dynamic translations for dynamic businesses<\/p>\t\t\t\t\t\t\t\t<\/div>\n\t\t\t\t<\/div>\n\t\t\t\t\t<\/div>\n\t\t\t\t<\/div>\n\t\t<div class=\"elementor-element elementor-element-3ff18e54 e-flex e-con-boxed e-con e-parent\" data-id=\"3ff18e54\" data-element_type=\"container\">\n\t\t\t\t\t<div class=\"e-con-inner\">\n\t\t\t\t<div class=\"elementor-element elementor-element-600ebe84 elementor-widget elementor-widget-text-editor\" data-id=\"600ebe84\" data-element_type=\"widget\" data-widget_type=\"text-editor.default\">\n\t\t\t\t\t\t\t\t\t<div id=\"main\"><div id=\"content\"><div id=\"post-213\" class=\"post page clearfix post-213 type-page status-publish hentry\"><h1>Disclaimer<\/h1><div class=\"entry clearfix\"><p>The media owner is the company Sprachdynamik \u2013 Mag. Thomas Graf. This website is intended solely for self-presentation. The media owner is responsible for its content. The author of this website strives to present the information offered here as completely, accurately, and up-to-date as possible to the best of his knowledge. Nevertheless, he cannot assume any liability for damages that may arise from the use of the information provided \u2013 even if such damages result from the use of incomplete or incorrect information.<\/p><h3><strong>Liability for Links<\/strong><\/h3><p>This website contains links to external third-party websites, the content of which we have no influence over. Therefore, we cannot assume any responsibility for such external content. The respective provider or operator of the linked pages is always responsible for their content. The linked pages were checked for possible legal violations at the time the link was created. Illegal content was not recognizable at that time. However, permanent content monitoring of the linked pages is not reasonable without concrete indications of a legal violation.<\/p><h3><strong>Copyright<\/strong><\/h3><p>The content and works created by the site operators on these pages are subject to copyright law. Duplication, editing, distribution, and any kind of use beyond the limits of copyright require the written consent of the respective author or creator. Downloads and copies of this site are permitted only for private, non-commercial use. Insofar as content on this site was not created by the operator, the copyrights of third parties are respected. In particular, third-party content is marked as such. Should you nevertheless become aware of a copyright infringement, please notify us accordingly. Upon becoming aware of legal violations, we will remove such content immediately.<\/p><p><em>Source Reference: <a href=\"http:\/\/www.e-recht24.de\/muster-disclaimer.html\" target=\"_blank\" rel=\"nofollow noopener noreferrer\">eRecht24<\/a><\/em><\/p><\/div><\/div><\/div><\/div>\t\t\t\t\t\t\t\t<\/div>\n\t\t\t\t\t<\/div>\n\t\t\t\t<\/div>\n\t\t\t\t<\/div>","protected":false},"excerpt":{"rendered":"<p>Haftungsausschluss Wir \u00fcbersetzen nicht nur, wir \u00fcberzeugen Haftungsausschluss Medieninhaber ist die Firma Sprachdynamik \u2013 Mag. Thomas Graf. Diese Website dient nur zum Zweck der Selbstdarstellung. F\u00fcr den Inhalt ist der Medieninhaber verantwortlich. Der Autor dieser Webseite ist bem\u00fcht, die hier angebotenen Informationen nach bestem Wissen vollst\u00e4ndig, aktuell und richtig darzustellen. Dennoch kann er keinerlei Haftung [&hellip;]<\/p>","protected":false},"author":2,"featured_media":0,"parent":0,"menu_order":0,"comment_status":"closed","ping_status":"closed","template":"","meta":{"footnotes":""},"class_list":["post-29","page","type-page","status-publish","hentry"],"yoast_head":"<!-- This site is optimized with the Yoast SEO plugin v26.4 - https:\/\/yoast.com\/wordpress\/plugins\/seo\/ -->\n<title>Sprachdynamik | Haftungsausschluss<\/title>\n<meta name=\"robots\" content=\"index, follow, max-snippet:-1, max-image-preview:large, max-video-preview:-1\" \/>\n<link rel=\"canonical\" href=\"https:\/\/www.sprachdynamik.at\/en\/haftungsausschluss\/\" \/>\n<meta property=\"og:locale\" content=\"en_GB\" \/>\n<meta property=\"og:type\" content=\"article\" \/>\n<meta property=\"og:title\" content=\"Sprachdynamik | Haftungsausschluss\" \/>\n<meta property=\"og:description\" content=\"Haftungsausschluss Wir \u00fcbersetzen nicht nur, wir \u00fcberzeugen Haftungsausschluss Medieninhaber ist die Firma Sprachdynamik \u2013 Mag. Thomas Graf. Diese Website dient nur zum Zweck der Selbstdarstellung. F\u00fcr den Inhalt ist der Medieninhaber verantwortlich. Der Autor dieser Webseite ist bem\u00fcht, die hier angebotenen Informationen nach bestem Wissen vollst\u00e4ndig, aktuell und richtig darzustellen. Dennoch kann er keinerlei Haftung [&hellip;]\" \/>\n<meta property=\"og:url\" content=\"https:\/\/www.sprachdynamik.at\/en\/haftungsausschluss\/\" \/>\n<meta property=\"og:site_name\" content=\"Sprachdynamik\" \/>\n<meta property=\"article:publisher\" content=\"https:\/\/www.facebook.com\/Sprachdynamik-1484394141570883\/\" \/>\n<meta property=\"article:modified_time\" content=\"2025-11-05T12:29:59+00:00\" \/>\n<meta name=\"twitter:card\" content=\"summary_large_image\" \/>\n<meta name=\"twitter:label1\" content=\"Estimated reading time\" \/>\n\t<meta name=\"twitter:data1\" content=\"2 minutes\" \/>\n<script type=\"application\/ld+json\" class=\"yoast-schema-graph\">{\"@context\":\"https:\/\/schema.org\",\"@graph\":[{\"@type\":\"WebPage\",\"@id\":\"https:\/\/www.sprachdynamik.at\/haftungsausschluss\/\",\"url\":\"https:\/\/www.sprachdynamik.at\/haftungsausschluss\/\",\"name\":\"Sprachdynamik | Haftungsausschluss\",\"isPartOf\":{\"@id\":\"https:\/\/www.sprachdynamik.at\/#website\"},\"datePublished\":\"2017-03-11T04:12:01+00:00\",\"dateModified\":\"2025-11-05T12:29:59+00:00\",\"breadcrumb\":{\"@id\":\"https:\/\/www.sprachdynamik.at\/haftungsausschluss\/#breadcrumb\"},\"inLanguage\":\"en-GB\",\"potentialAction\":[{\"@type\":\"ReadAction\",\"target\":[\"https:\/\/www.sprachdynamik.at\/haftungsausschluss\/\"]}]},{\"@type\":\"BreadcrumbList\",\"@id\":\"https:\/\/www.sprachdynamik.at\/haftungsausschluss\/#breadcrumb\",\"itemListElement\":[{\"@type\":\"ListItem\",\"position\":1,\"name\":\"Startseite\",\"item\":\"https:\/\/www.sprachdynamik.at\/\"},{\"@type\":\"ListItem\",\"position\":2,\"name\":\"Haftungsausschluss\"}]},{\"@type\":\"WebSite\",\"@id\":\"https:\/\/www.sprachdynamik.at\/#website\",\"url\":\"https:\/\/www.sprachdynamik.at\/\",\"name\":\"Sprachdynamik\",\"description\":\"Dynamic solutions for dynamic businesses\",\"publisher\":{\"@id\":\"https:\/\/www.sprachdynamik.at\/#organization\"},\"potentialAction\":[{\"@type\":\"SearchAction\",\"target\":{\"@type\":\"EntryPoint\",\"urlTemplate\":\"https:\/\/www.sprachdynamik.at\/?s={search_term_string}\"},\"query-input\":{\"@type\":\"PropertyValueSpecification\",\"valueRequired\":true,\"valueName\":\"search_term_string\"}}],\"inLanguage\":\"en-GB\"},{\"@type\":\"Organization\",\"@id\":\"https:\/\/www.sprachdynamik.at\/#organization\",\"name\":\"Sprachdynamik - Thomas Graf\",\"url\":\"https:\/\/www.sprachdynamik.at\/\",\"logo\":{\"@type\":\"ImageObject\",\"inLanguage\":\"en-GB\",\"@id\":\"https:\/\/www.sprachdynamik.at\/#\/schema\/logo\/image\/\",\"url\":\"https:\/\/www.sprachdynamik.at\/wp-content\/uploads\/2017\/04\/Logo4-4c-e1492345677794.png\",\"contentUrl\":\"https:\/\/www.sprachdynamik.at\/wp-content\/uploads\/2017\/04\/Logo4-4c-e1492345677794.png\",\"width\":150,\"height\":83,\"caption\":\"Sprachdynamik - Thomas Graf\"},\"image\":{\"@id\":\"https:\/\/www.sprachdynamik.at\/#\/schema\/logo\/image\/\"},\"sameAs\":[\"https:\/\/www.facebook.com\/Sprachdynamik-1484394141570883\/\",\"https:\/\/www.linkedin.com\/in\/thomas-graf-445b9b52\/\"]}]}<\/script>\n<!-- \/ Yoast SEO plugin. -->","yoast_head_json":{"title":"Sprachdynamik | Haftungsausschluss","robots":{"index":"index","follow":"follow","max-snippet":"max-snippet:-1","max-image-preview":"max-image-preview:large","max-video-preview":"max-video-preview:-1"},"canonical":"https:\/\/www.sprachdynamik.at\/en\/haftungsausschluss\/","og_locale":"en_GB","og_type":"article","og_title":"Sprachdynamik | Haftungsausschluss","og_description":"Haftungsausschluss Wir \u00fcbersetzen nicht nur, wir \u00fcberzeugen Haftungsausschluss Medieninhaber ist die Firma Sprachdynamik \u2013 Mag. Thomas Graf. Diese Website dient nur zum Zweck der Selbstdarstellung. F\u00fcr den Inhalt ist der Medieninhaber verantwortlich. Der Autor dieser Webseite ist bem\u00fcht, die hier angebotenen Informationen nach bestem Wissen vollst\u00e4ndig, aktuell und richtig darzustellen. Dennoch kann er keinerlei Haftung [&hellip;]","og_url":"https:\/\/www.sprachdynamik.at\/en\/haftungsausschluss\/","og_site_name":"Sprachdynamik","article_publisher":"https:\/\/www.facebook.com\/Sprachdynamik-1484394141570883\/","article_modified_time":"2025-11-05T12:29:59+00:00","twitter_card":"summary_large_image","twitter_misc":{"Estimated reading time":"2 minutes"},"schema":{"@context":"https:\/\/schema.org","@graph":[{"@type":"WebPage","@id":"https:\/\/www.sprachdynamik.at\/haftungsausschluss\/","url":"https:\/\/www.sprachdynamik.at\/haftungsausschluss\/","name":"Sprachdynamik | Haftungsausschluss","isPartOf":{"@id":"https:\/\/www.sprachdynamik.at\/#website"},"datePublished":"2017-03-11T04:12:01+00:00","dateModified":"2025-11-05T12:29:59+00:00","breadcrumb":{"@id":"https:\/\/www.sprachdynamik.at\/haftungsausschluss\/#breadcrumb"},"inLanguage":"en-GB","potentialAction":[{"@type":"ReadAction","target":["https:\/\/www.sprachdynamik.at\/haftungsausschluss\/"]}]},{"@type":"BreadcrumbList","@id":"https:\/\/www.sprachdynamik.at\/haftungsausschluss\/#breadcrumb","itemListElement":[{"@type":"ListItem","position":1,"name":"Startseite","item":"https:\/\/www.sprachdynamik.at\/"},{"@type":"ListItem","position":2,"name":"Haftungsausschluss"}]},{"@type":"WebSite","@id":"https:\/\/www.sprachdynamik.at\/#website","url":"https:\/\/www.sprachdynamik.at\/","name":"Sprachdynamik","description":"Dynamic solutions for dynamic businesses","publisher":{"@id":"https:\/\/www.sprachdynamik.at\/#organization"},"potentialAction":[{"@type":"SearchAction","target":{"@type":"EntryPoint","urlTemplate":"https:\/\/www.sprachdynamik.at\/?s={search_term_string}"},"query-input":{"@type":"PropertyValueSpecification","valueRequired":true,"valueName":"search_term_string"}}],"inLanguage":"en-GB"},{"@type":"Organization","@id":"https:\/\/www.sprachdynamik.at\/#organization","name":"Sprachdynamik - Thomas Graf","url":"https:\/\/www.sprachdynamik.at\/","logo":{"@type":"ImageObject","inLanguage":"en-GB","@id":"https:\/\/www.sprachdynamik.at\/#\/schema\/logo\/image\/","url":"https:\/\/www.sprachdynamik.at\/wp-content\/uploads\/2017\/04\/Logo4-4c-e1492345677794.png","contentUrl":"https:\/\/www.sprachdynamik.at\/wp-content\/uploads\/2017\/04\/Logo4-4c-e1492345677794.png","width":150,"height":83,"caption":"Sprachdynamik - Thomas Graf"},"image":{"@id":"https:\/\/www.sprachdynamik.at\/#\/schema\/logo\/image\/"},"sameAs":["https:\/\/www.facebook.com\/Sprachdynamik-1484394141570883\/","https:\/\/www.linkedin.com\/in\/thomas-graf-445b9b52\/"]}]}},"_links":{"self":[{"href":"https:\/\/www.sprachdynamik.at\/en\/wp-json\/wp\/v2\/pages\/29","targetHints":{"allow":["GET"]}}],"collection":[{"href":"https:\/\/www.sprachdynamik.at\/en\/wp-json\/wp\/v2\/pages"}],"about":[{"href":"https:\/\/www.sprachdynamik.at\/en\/wp-json\/wp\/v2\/types\/page"}],"author":[{"embeddable":true,"href":"https:\/\/www.sprachdynamik.at\/en\/wp-json\/wp\/v2\/users\/2"}],"replies":[{"embeddable":true,"href":"https:\/\/www.sprachdynamik.at\/en\/wp-json\/wp\/v2\/comments?post=29"}],"version-history":[{"count":14,"href":"https:\/\/www.sprachdynamik.at\/en\/wp-json\/wp\/v2\/pages\/29\/revisions"}],"predecessor-version":[{"id":995,"href":"https:\/\/www.sprachdynamik.at\/en\/wp-json\/wp\/v2\/pages\/29\/revisions\/995"}],"wp:attachment":[{"href":"https:\/\/www.sprachdynamik.at\/en\/wp-json\/wp\/v2\/media?parent=29"}],"curies":[{"name":"wp","href":"https:\/\/api.w.org\/{rel}","templated":true}]}}