{"id":32,"date":"2017-03-11T04:13:15","date_gmt":"2017-03-11T04:13:15","guid":{"rendered":"https:\/\/www.sprachdynamik.at\/?page_id=32"},"modified":"2025-12-08T10:55:11","modified_gmt":"2025-12-08T10:55:11","slug":"datenschutz","status":"publish","type":"page","link":"https:\/\/www.sprachdynamik.at\/en\/datenschutz\/","title":{"rendered":"Privacy Statement"},"content":{"rendered":"<div data-elementor-type=\"wp-page\" data-elementor-id=\"32\" class=\"elementor elementor-32\" data-elementor-post-type=\"page\">\n\t\t\t\t<div class=\"elementor-element elementor-element-4f3f3f1 e-flex e-con-boxed e-con e-parent\" data-id=\"4f3f3f1\" data-element_type=\"container\" data-settings=\"{&quot;background_background&quot;:&quot;classic&quot;,&quot;background_motion_fx_motion_fx_scrolling&quot;:&quot;yes&quot;,&quot;background_motion_fx_translateY_effect&quot;:&quot;yes&quot;,&quot;background_motion_fx_translateY_direction&quot;:&quot;negative&quot;,&quot;background_motion_fx_translateY_speed&quot;:{&quot;unit&quot;:&quot;px&quot;,&quot;size&quot;:7,&quot;sizes&quot;:[]},&quot;background_motion_fx_translateY_affectedRange&quot;:{&quot;unit&quot;:&quot;%&quot;,&quot;size&quot;:&quot;&quot;,&quot;sizes&quot;:{&quot;start&quot;:0,&quot;end&quot;:100}},&quot;background_motion_fx_devices&quot;:[&quot;desktop&quot;,&quot;tablet&quot;,&quot;mobile&quot;]}\">\n\t\t\t\t\t<div class=\"e-con-inner\">\n\t\t<div class=\"elementor-element elementor-element-8ff2114 e-con-full e-flex e-con e-child\" data-id=\"8ff2114\" data-element_type=\"container\">\n\t\t\t\t<div class=\"elementor-element elementor-element-b48f3d4 elementor-widget elementor-widget-heading\" data-id=\"b48f3d4\" data-element_type=\"widget\" data-widget_type=\"heading.default\">\n\t\t\t\t\t<h1 class=\"elementor-heading-title elementor-size-default\">Privacy Statement<\/h1>\t\t\t\t<\/div>\n\t\t\t\t<div class=\"elementor-element elementor-element-8ca9ff1 elementor-widget elementor-widget-text-editor\" data-id=\"8ca9ff1\" data-element_type=\"widget\" data-widget_type=\"text-editor.default\">\n\t\t\t\t\t\t\t\t\t<p>Dynamic translations for dynamic businesses<\/p>\t\t\t\t\t\t\t\t<\/div>\n\t\t\t\t<\/div>\n\t\t\t\t\t<\/div>\n\t\t\t\t<\/div>\n\t\t<div class=\"elementor-element elementor-element-5bfd4063 e-flex e-con-boxed e-con e-parent\" data-id=\"5bfd4063\" data-element_type=\"container\">\n\t\t\t\t\t<div class=\"e-con-inner\">\n\t\t\t\t<div class=\"elementor-element elementor-element-2aba4f79 elementor-widget elementor-widget-text-editor\" data-id=\"2aba4f79\" data-element_type=\"widget\" data-widget_type=\"text-editor.default\">\n\t\t\t\t\t\t\t\t\t<div id=\"post-209\" class=\"post page clearfix post-209 type-page status-publish hentry\"><h2 class=\"title\">Privacy Statement<\/h2><div class=\"entry clearfix\"><p>The use of our website is generally possible without providing personal data. If personal data (for example, name, address, or email addresses) is collected on our pages, this is always done on a voluntary basis wherever possible. These data will not be passed on to third parties without your explicit consent.<\/p><p>We point out that data transmission over the internet (e.g., communication via email) can have security vulnerabilities. Complete protection of data from access by third parties is not possible.<\/p><p>The use of contact data published within the scope of the imprint obligation by third parties for sending unsolicited advertising and informational material is hereby expressly prohibited. The operators of these pages expressly reserve the right to take legal action in the event of unsolicited sending of advertising information, such as spam emails.<\/p><p><strong>Privacy Policy for the Use of Google Analytics<\/strong><\/p><p>This website uses Google Analytics, a web analytics service provided by Google Inc. (\u201cGoogle\u201d). Google Analytics uses so-called \u201ccookies,\u201d text files that are stored on your computer and enable analysis of your use of the website. The information generated by the cookie about your use of this website is usually transmitted to a Google server in the USA and stored there. In the event that IP anonymization is activated on this website, your IP address will, however, be shortened by Google within the member states of the European Union or in other contracting states of the Agreement on the European Economic Area.<\/p><p>Only in exceptional cases will the full IP address be transmitted to a Google server in the USA and shortened there. On behalf of the operator of this website, Google will use this information to evaluate your use of the website, to compile reports on website activity, and to provide other services related to website usage and internet usage to the website operator. The IP address transmitted by your browser as part of Google Analytics will not be merged with other Google data.<\/p><p>You can prevent the storage of cookies by adjusting the settings of your browser software; however, we point out that in this case you may not be able to fully use all functions of this website. You can also prevent the collection by Google of the data generated by the cookie and related to your use of the website (including your IP address) as well as the processing of this data by Google by downloading and installing the browser plugin available at the following link: <a href=\"http:\/\/tools.google.com\/dlpage\/gaoptout?hl=de\">http:\/\/tools.google.com\/dlpage\/gaoptout?hl=de<\/a>.<\/p><p><strong>Privacy Policy for the Use of Facebook Plugins (Like Button)<\/strong><\/p><p>Our website integrates plugins of the social network Facebook (Facebook Inc., 1601 Willow Road, Menlo Park, California, 94025, USA). You can recognize the Facebook plugins by the Facebook logo or the \u201cLike button\u201d on our page. An overview of the Facebook plugins can be found here: <a href=\"http:\/\/developers.facebook.com\/docs\/plugins\/\" target=\"_blank\" rel=\"noopener noreferrer\">http:\/\/developers.facebook.com\/docs\/plugins\/<\/a>.<br \/>When you visit our pages, a direct connection is established between your browser and the Facebook server through the plugin. Facebook thereby receives the information that you have visited our site with your IP address. If you click the Facebook \u201cLike button\u201d while logged into your Facebook account, you can link the content of our pages to your Facebook profile. This allows Facebook to assign your visit to our pages to your user account. We point out that, as the provider of the pages, we have no knowledge of the content of the transmitted data or how Facebook uses it. Further information can be found in Facebook\u2019s privacy policy at <a href=\"http:\/\/de-de.facebook.com\/policy.php\" target=\"_blank\" rel=\"noopener noreferrer\"> http:\/\/de-de.facebook.com\/policy.php<\/a><\/p><p>If you do not want Facebook to associate your visit to our pages with your Facebook user account, please log out of your Facebook user account.<\/p><p><em>Sources: <a href=\"http:\/\/www.e-recht24.de\/muster-datenschutzerklaerung.html\" target=\"_blank\" rel=\"nofollow noopener noreferrer\">eRecht24<\/a>, <a href=\"http:\/\/www.google.com\/intl\/de\/analytics\/learn\/privacy.html\" target=\"_blank\" rel=\"nofollow noopener noreferrer\">Google Analytics Privacy Statement<\/a><\/em><\/p><\/div><\/div>\t\t\t\t\t\t\t\t<\/div>\n\t\t\t\t\t<\/div>\n\t\t\t\t<\/div>\n\t\t\t\t<\/div>","protected":false},"excerpt":{"rendered":"<p>Datenschutzerkl\u00e4rung Wir \u00fcbersetzen nicht nur, wir \u00fcberzeugen Datenschutz Die Nutzung unserer Webseite ist in der Regel ohne Angabe personenbezogener Daten m\u00f6glich. Soweit auf unseren Seiten personenbezogene Daten (beispielsweise Name, Anschrift oder eMail-Adressen) erhoben werden, erfolgt dies, soweit m\u00f6glich, stets auf freiwilliger Basis. Diese Daten werden ohne Ihre ausdr\u00fcckliche Zustimmung nicht an Dritte weitergegeben. Wir weisen [&hellip;]<\/p>","protected":false},"author":2,"featured_media":0,"parent":0,"menu_order":0,"comment_status":"closed","ping_status":"closed","template":"","meta":{"footnotes":""},"class_list":["post-32","page","type-page","status-publish","hentry"],"yoast_head":"<!-- This site is optimized with the Yoast SEO plugin v26.4 - https:\/\/yoast.com\/wordpress\/plugins\/seo\/ -->\n<title>Sprachdynamik | Datenschutz<\/title>\n<meta name=\"robots\" content=\"index, follow, max-snippet:-1, max-image-preview:large, max-video-preview:-1\" \/>\n<link rel=\"canonical\" href=\"https:\/\/www.sprachdynamik.at\/en\/datenschutz\/\" \/>\n<meta property=\"og:locale\" content=\"en_GB\" \/>\n<meta property=\"og:type\" content=\"article\" \/>\n<meta property=\"og:title\" content=\"Sprachdynamik | Datenschutz\" \/>\n<meta property=\"og:description\" content=\"Datenschutzerkl\u00e4rung Wir \u00fcbersetzen nicht nur, wir \u00fcberzeugen Datenschutz Die Nutzung unserer Webseite ist in der Regel ohne Angabe personenbezogener Daten m\u00f6glich. Soweit auf unseren Seiten personenbezogene Daten (beispielsweise Name, Anschrift oder eMail-Adressen) erhoben werden, erfolgt dies, soweit m\u00f6glich, stets auf freiwilliger Basis. Diese Daten werden ohne Ihre ausdr\u00fcckliche Zustimmung nicht an Dritte weitergegeben. Wir weisen [&hellip;]\" \/>\n<meta property=\"og:url\" content=\"https:\/\/www.sprachdynamik.at\/en\/datenschutz\/\" \/>\n<meta property=\"og:site_name\" content=\"Sprachdynamik\" \/>\n<meta property=\"article:publisher\" content=\"https:\/\/www.facebook.com\/Sprachdynamik-1484394141570883\/\" \/>\n<meta property=\"article:modified_time\" content=\"2025-12-08T10:55:11+00:00\" \/>\n<meta name=\"twitter:card\" content=\"summary_large_image\" \/>\n<meta name=\"twitter:label1\" content=\"Estimated reading time\" \/>\n\t<meta name=\"twitter:data1\" content=\"4 minutes\" \/>\n<script type=\"application\/ld+json\" class=\"yoast-schema-graph\">{\"@context\":\"https:\/\/schema.org\",\"@graph\":[{\"@type\":\"WebPage\",\"@id\":\"https:\/\/www.sprachdynamik.at\/datenschutz\/\",\"url\":\"https:\/\/www.sprachdynamik.at\/datenschutz\/\",\"name\":\"Sprachdynamik | Datenschutz\",\"isPartOf\":{\"@id\":\"https:\/\/www.sprachdynamik.at\/#website\"},\"datePublished\":\"2017-03-11T04:13:15+00:00\",\"dateModified\":\"2025-12-08T10:55:11+00:00\",\"breadcrumb\":{\"@id\":\"https:\/\/www.sprachdynamik.at\/datenschutz\/#breadcrumb\"},\"inLanguage\":\"en-GB\",\"potentialAction\":[{\"@type\":\"ReadAction\",\"target\":[\"https:\/\/www.sprachdynamik.at\/datenschutz\/\"]}]},{\"@type\":\"BreadcrumbList\",\"@id\":\"https:\/\/www.sprachdynamik.at\/datenschutz\/#breadcrumb\",\"itemListElement\":[{\"@type\":\"ListItem\",\"position\":1,\"name\":\"Startseite\",\"item\":\"https:\/\/www.sprachdynamik.at\/\"},{\"@type\":\"ListItem\",\"position\":2,\"name\":\"Datenschutz\"}]},{\"@type\":\"WebSite\",\"@id\":\"https:\/\/www.sprachdynamik.at\/#website\",\"url\":\"https:\/\/www.sprachdynamik.at\/\",\"name\":\"Sprachdynamik\",\"description\":\"Dynamic solutions for dynamic businesses\",\"publisher\":{\"@id\":\"https:\/\/www.sprachdynamik.at\/#organization\"},\"potentialAction\":[{\"@type\":\"SearchAction\",\"target\":{\"@type\":\"EntryPoint\",\"urlTemplate\":\"https:\/\/www.sprachdynamik.at\/?s={search_term_string}\"},\"query-input\":{\"@type\":\"PropertyValueSpecification\",\"valueRequired\":true,\"valueName\":\"search_term_string\"}}],\"inLanguage\":\"en-GB\"},{\"@type\":\"Organization\",\"@id\":\"https:\/\/www.sprachdynamik.at\/#organization\",\"name\":\"Sprachdynamik - Thomas Graf\",\"url\":\"https:\/\/www.sprachdynamik.at\/\",\"logo\":{\"@type\":\"ImageObject\",\"inLanguage\":\"en-GB\",\"@id\":\"https:\/\/www.sprachdynamik.at\/#\/schema\/logo\/image\/\",\"url\":\"https:\/\/www.sprachdynamik.at\/wp-content\/uploads\/2017\/04\/Logo4-4c-e1492345677794.png\",\"contentUrl\":\"https:\/\/www.sprachdynamik.at\/wp-content\/uploads\/2017\/04\/Logo4-4c-e1492345677794.png\",\"width\":150,\"height\":83,\"caption\":\"Sprachdynamik - Thomas Graf\"},\"image\":{\"@id\":\"https:\/\/www.sprachdynamik.at\/#\/schema\/logo\/image\/\"},\"sameAs\":[\"https:\/\/www.facebook.com\/Sprachdynamik-1484394141570883\/\",\"https:\/\/www.linkedin.com\/in\/thomas-graf-445b9b52\/\"]}]}<\/script>\n<!-- \/ Yoast SEO plugin. -->","yoast_head_json":{"title":"Sprachdynamik | Datenschutz","robots":{"index":"index","follow":"follow","max-snippet":"max-snippet:-1","max-image-preview":"max-image-preview:large","max-video-preview":"max-video-preview:-1"},"canonical":"https:\/\/www.sprachdynamik.at\/en\/datenschutz\/","og_locale":"en_GB","og_type":"article","og_title":"Sprachdynamik | Datenschutz","og_description":"Datenschutzerkl\u00e4rung Wir \u00fcbersetzen nicht nur, wir \u00fcberzeugen Datenschutz Die Nutzung unserer Webseite ist in der Regel ohne Angabe personenbezogener Daten m\u00f6glich. Soweit auf unseren Seiten personenbezogene Daten (beispielsweise Name, Anschrift oder eMail-Adressen) erhoben werden, erfolgt dies, soweit m\u00f6glich, stets auf freiwilliger Basis. Diese Daten werden ohne Ihre ausdr\u00fcckliche Zustimmung nicht an Dritte weitergegeben. Wir weisen [&hellip;]","og_url":"https:\/\/www.sprachdynamik.at\/en\/datenschutz\/","og_site_name":"Sprachdynamik","article_publisher":"https:\/\/www.facebook.com\/Sprachdynamik-1484394141570883\/","article_modified_time":"2025-12-08T10:55:11+00:00","twitter_card":"summary_large_image","twitter_misc":{"Estimated reading time":"4 minutes"},"schema":{"@context":"https:\/\/schema.org","@graph":[{"@type":"WebPage","@id":"https:\/\/www.sprachdynamik.at\/datenschutz\/","url":"https:\/\/www.sprachdynamik.at\/datenschutz\/","name":"Sprachdynamik | Datenschutz","isPartOf":{"@id":"https:\/\/www.sprachdynamik.at\/#website"},"datePublished":"2017-03-11T04:13:15+00:00","dateModified":"2025-12-08T10:55:11+00:00","breadcrumb":{"@id":"https:\/\/www.sprachdynamik.at\/datenschutz\/#breadcrumb"},"inLanguage":"en-GB","potentialAction":[{"@type":"ReadAction","target":["https:\/\/www.sprachdynamik.at\/datenschutz\/"]}]},{"@type":"BreadcrumbList","@id":"https:\/\/www.sprachdynamik.at\/datenschutz\/#breadcrumb","itemListElement":[{"@type":"ListItem","position":1,"name":"Startseite","item":"https:\/\/www.sprachdynamik.at\/"},{"@type":"ListItem","position":2,"name":"Datenschutz"}]},{"@type":"WebSite","@id":"https:\/\/www.sprachdynamik.at\/#website","url":"https:\/\/www.sprachdynamik.at\/","name":"Sprachdynamik","description":"Dynamic solutions for dynamic businesses","publisher":{"@id":"https:\/\/www.sprachdynamik.at\/#organization"},"potentialAction":[{"@type":"SearchAction","target":{"@type":"EntryPoint","urlTemplate":"https:\/\/www.sprachdynamik.at\/?s={search_term_string}"},"query-input":{"@type":"PropertyValueSpecification","valueRequired":true,"valueName":"search_term_string"}}],"inLanguage":"en-GB"},{"@type":"Organization","@id":"https:\/\/www.sprachdynamik.at\/#organization","name":"Sprachdynamik - Thomas Graf","url":"https:\/\/www.sprachdynamik.at\/","logo":{"@type":"ImageObject","inLanguage":"en-GB","@id":"https:\/\/www.sprachdynamik.at\/#\/schema\/logo\/image\/","url":"https:\/\/www.sprachdynamik.at\/wp-content\/uploads\/2017\/04\/Logo4-4c-e1492345677794.png","contentUrl":"https:\/\/www.sprachdynamik.at\/wp-content\/uploads\/2017\/04\/Logo4-4c-e1492345677794.png","width":150,"height":83,"caption":"Sprachdynamik - Thomas Graf"},"image":{"@id":"https:\/\/www.sprachdynamik.at\/#\/schema\/logo\/image\/"},"sameAs":["https:\/\/www.facebook.com\/Sprachdynamik-1484394141570883\/","https:\/\/www.linkedin.com\/in\/thomas-graf-445b9b52\/"]}]}},"_links":{"self":[{"href":"https:\/\/www.sprachdynamik.at\/en\/wp-json\/wp\/v2\/pages\/32","targetHints":{"allow":["GET"]}}],"collection":[{"href":"https:\/\/www.sprachdynamik.at\/en\/wp-json\/wp\/v2\/pages"}],"about":[{"href":"https:\/\/www.sprachdynamik.at\/en\/wp-json\/wp\/v2\/types\/page"}],"author":[{"embeddable":true,"href":"https:\/\/www.sprachdynamik.at\/en\/wp-json\/wp\/v2\/users\/2"}],"replies":[{"embeddable":true,"href":"https:\/\/www.sprachdynamik.at\/en\/wp-json\/wp\/v2\/comments?post=32"}],"version-history":[{"count":15,"href":"https:\/\/www.sprachdynamik.at\/en\/wp-json\/wp\/v2\/pages\/32\/revisions"}],"predecessor-version":[{"id":1497,"href":"https:\/\/www.sprachdynamik.at\/en\/wp-json\/wp\/v2\/pages\/32\/revisions\/1497"}],"wp:attachment":[{"href":"https:\/\/www.sprachdynamik.at\/en\/wp-json\/wp\/v2\/media?parent=32"}],"curies":[{"name":"wp","href":"https:\/\/api.w.org\/{rel}","templated":true}]}}